{"id":65,"date":"2019-04-10T18:00:20","date_gmt":"2019-04-10T16:00:20","guid":{"rendered":"http:\/\/jed-photodesign.de\/?page_id=65"},"modified":"2019-04-18T11:47:54","modified_gmt":"2019-04-18T09:47:54","slug":"impressum","status":"publish","type":"page","link":"https:\/\/jed-photodesign.de\/?page_id=65","title":{"rendered":"Impressum"},"content":{"rendered":"\n<h1>Impressum<\/h1>\n\n\n\n<p> S\u00e4mtliche Inhalte, Fotos, Texte und Graphiken dieser Website sind  urheberrechtlich gesch\u00fctzt. Sie d\u00fcrfen ohne meine vorherige  schriftliche Genehmigung weder ganz noch auszugsweise kopiert,  ver\u00e4ndert, vervielf\u00e4ltigt oder ver\u00f6ffentlicht werden.&nbsp; Jegliche  unerlaubte Verwertung wird zivil- und\/oder strafrechtlich verfolgt. <\/p>\n\n\n\n<p>\u00a9 2019 &#8211;&nbsp; J\u00fcrgen E. Dechert<\/p>\n\n\n\n<p>Angaben gem\u00e4\u00df \u00a7 5 TMG: <\/p>\n\n\n\n<p><strong> J\u00fcrgen E. Dechert <\/strong><br>\nBachgartenstra\u00dfe 6a<br>\n64572 B\u00fcttelborn<br>\nDeutschland<\/p>\n\n\n\n<p>E-Mail: <a href=\"mailto:info@jed-photodesign.de\">info@jed-photodesign.de<\/a><br>\nUmsatzsteuer-ID: nein, Kleinunternehmer, befreit nach \u00a719 Umsatzsteuergesetz<\/p>\n\n\n\n<p>Die Verantwortung des oben genannten Website-Betreibers gilt vor  allem und insbesondere f\u00fcr alle in dieser Website ver\u00f6ffentlichten Fotos und  Fotomotive.<\/p>\n","protected":false},"excerpt":{"rendered":"<p>Impressum S\u00e4mtliche Inhalte, Fotos, Texte und Graphiken dieser Website sind urheberrechtlich gesch\u00fctzt. Sie d\u00fcrfen ohne meine vorherige schriftliche Genehmigung weder ganz noch auszugsweise kopiert, ver\u00e4ndert, vervielf\u00e4ltigt oder ver\u00f6ffentlicht werden.&nbsp; Jegliche unerlaubte Verwertung wird zivil- und\/oder strafrechtlich verfolgt. \u00a9 2019 &#8211;&nbsp; J\u00fcrgen E. Dechert Angaben gem\u00e4\u00df \u00a7 5 TMG: J\u00fcrgen E. Dechert Bachgartenstra\u00dfe 6a 64572 B\u00fcttelborn &hellip; <\/p>\n<p class=\"link-more\"><a href=\"https:\/\/jed-photodesign.de\/?page_id=65\" class=\"more-link\"><span class=\"screen-reader-text\">\u201eImpressum\u201c<\/span> weiterlesen<\/a><\/p>\n","protected":false},"author":1,"featured_media":0,"parent":0,"menu_order":0,"comment_status":"closed","ping_status":"closed","template":"","meta":[],"_links":{"self":[{"href":"https:\/\/jed-photodesign.de\/index.php?rest_route=\/wp\/v2\/pages\/65"}],"collection":[{"href":"https:\/\/jed-photodesign.de\/index.php?rest_route=\/wp\/v2\/pages"}],"about":[{"href":"https:\/\/jed-photodesign.de\/index.php?rest_route=\/wp\/v2\/types\/page"}],"author":[{"embeddable":true,"href":"https:\/\/jed-photodesign.de\/index.php?rest_route=\/wp\/v2\/users\/1"}],"replies":[{"embeddable":true,"href":"https:\/\/jed-photodesign.de\/index.php?rest_route=%2Fwp%2Fv2%2Fcomments&post=65"}],"version-history":[{"count":5,"href":"https:\/\/jed-photodesign.de\/index.php?rest_route=\/wp\/v2\/pages\/65\/revisions"}],"predecessor-version":[{"id":244,"href":"https:\/\/jed-photodesign.de\/index.php?rest_route=\/wp\/v2\/pages\/65\/revisions\/244"}],"wp:attachment":[{"href":"https:\/\/jed-photodesign.de\/index.php?rest_route=%2Fwp%2Fv2%2Fmedia&parent=65"}],"curies":[{"name":"wp","href":"https:\/\/api.w.org\/{rel}","templated":true}]}}